{"id":4904,"date":"2024-12-10T09:09:07","date_gmt":"2024-12-10T06:09:07","guid":{"rendered":"https:\/\/mycekagarden.com\/de\/?page_id=4904"},"modified":"2025-05-20T11:48:06","modified_gmt":"2025-05-20T08:48:06","slug":"produktion","status":"publish","type":"page","link":"https:\/\/mycekagarden.com\/de\/produktion\/","title":{"rendered":"Produktion"},"content":{"rendered":"<div id='full_slider_1'  class='avia-fullwidth-slider main_color avia-shadow av-small-hide av-mini-hide  avia-builder-el-0  el_before_av_video  avia-builder-el-first   container_wrap fullsize'  ><div  class='avia-slideshow av-m4i2az6v-3b42898b06c4533b9bf829c2219b2ed6 avia-slideshow-featured_large av_slideshow_full avia-slide-slider av-small-hide av-mini-hide av-slideshow-ui av-control-hidden av-no-slider-navigation av-hide-nav-arrows av-slideshow-manual av-loop-once av-loop-manual-endless av-default-height-applied   avia-slideshow-1' data-slideshow-options=\"{&quot;animation&quot;:&quot;slide&quot;,&quot;autoplay&quot;:false,&quot;loop_autoplay&quot;:&quot;once&quot;,&quot;interval&quot;:5,&quot;loop_manual&quot;:&quot;manual-endless&quot;,&quot;autoplay_stopper&quot;:false,&quot;noNavigation&quot;:true,&quot;bg_slider&quot;:false,&quot;keep_padding&quot;:false,&quot;hoverpause&quot;:false,&quot;show_slide_delay&quot;:0}\"  itemprop=\"image\" itemscope=\"itemscope\" itemtype=\"https:\/\/schema.org\/ImageObject\" ><ul class='avia-slideshow-inner ' style='padding-bottom: 42%;'><li  data-controls='aviaTBaviaTBvideo_controls' data-mute='aviaTBaviaTBvideo_mute' data-loop='aviaTBaviaTBvideo_loop' data-disable-autoplay=''  data-video-height='134' data-video-toppos='-17' data-video-ratio='2.3809523809524' class='avia-slideshow-slide av-m4i2az6v-3b42898b06c4533b9bf829c2219b2ed6__0  av-video-slide  av-video-service-youtube  av-hide-video-controls av-mute-video av-loop-video av-mobile-fallback-image  av-video-stretch av-single-slide slide-1 slide-odd'><div data-rel='slideshow-1' class='avia-slide-wrap '   ><div class='av-click-overlay'><\/div><div class='mejs-mediaelement'  itemprop=\"video\" itemtype=\"https:\/\/schema.org\/VideoObject\" ><div height='1600' width='900' class='av_youtube_frame' id='player_4904_35146952_985585618'  data-autoplay='0'  data-videoid='pb1SZzeN32w'  data-hd='1'  data-rel='0'  data-wmode='opaque'  data-loop='0'  data-version='3'  data-autohide='1'  data-color='white'  data-controls='0'  data-iv_load_policy='3'  data-original_url='https:\/\/www.youtube.com\/watch?v=pb1SZzeN32w' ><\/div><\/div><div class=\"av-click-to-play-overlay\"><div class=\"avia_playpause_icon\"><\/div><\/div><\/div><\/li><\/ul><\/div><\/div><div id='after_full_slider_1'  class='main_color av_default_container_wrap container_wrap fullsize'  ><div class='container av-section-cont-open' ><div class='template-page content  av-content-full alpha units'><div class='post-entry post-entry-type-page post-entry-4904'><div class='entry-content-wrapper clearfix'>\n<div  class='avia-video av-maqtlrxo-e686887d91d3b8db1cb1d015ad9e7aaa avia-video-16-9 av-desktop-hide av-medium-hide av-no-preview-image avia-video-load-always av-lazyload-immediate av-lazyload-video-embed'  itemprop=\"video\" itemtype=\"https:\/\/schema.org\/VideoObject\"  data-original_url='https:\/\/www.youtube.com\/watch?v=D18vAcbzJ9Y'><script type='text\/html' class='av-video-tmpl'><div class='avia-iframe-wrap'><iframe loading=\"lazy\" title=\"My Ceka Garden Bah\u00e7e Mobilyalar\u0131 \u00dcretim Merkezi\" width=\"1500\" height=\"844\" src=\"https:\/\/www.youtube.com\/embed\/D18vAcbzJ9Y?feature=oembed&autoplay=1&loop=0&controls=1&mute=1\" frameborder=\"0\" allow=\"accelerometer; autoplay; clipboard-write; encrypted-media; gyroscope; picture-in-picture; web-share\" referrerpolicy=\"strict-origin-when-cross-origin\" allowfullscreen><\/iframe><\/div><\/script><div class='av-click-to-play-overlay'><div class=\"avia_playpause_icon\"><\/div><\/div><\/div>\n<\/div><\/div><\/div><!-- close content main div --><\/div><\/div><div id='ceka'  class='avia-section av-14y9uw-ba6bb7f40544b18db231ea0b7be7bf8b main_color avia-section-default avia-no-border-styling  avia-builder-el-2  el_after_av_video  avia-builder-el-last  ceka ceka avia-bg-style-scroll container_wrap fullsize'  ><div class='container av-section-cont-open' ><div class='template-page content  av-content-full alpha units'><div class='post-entry post-entry-type-page post-entry-4904'><div class='entry-content-wrapper clearfix'>\n\n<style type=\"text\/css\" data-created_by=\"avia_inline_auto\" id=\"style-css-av-maw9ucam-f97e0f8be95506b2f5e3108d2de160de\">\n.avia-image-container.av-maw9ucam-f97e0f8be95506b2f5e3108d2de160de img.avia_image{\nbox-shadow:none;\n}\n.avia-image-container.av-maw9ucam-f97e0f8be95506b2f5e3108d2de160de .av-image-caption-overlay-center{\ncolor:#ffffff;\n}\n<\/style>\n<div  class='avia-image-container av-maw9ucam-f97e0f8be95506b2f5e3108d2de160de av-styling- avia-align-center  avia-builder-el-3  el_before_av_heading  avia-builder-el-first '   itemprop=\"image\" itemscope=\"itemscope\" itemtype=\"https:\/\/schema.org\/ImageObject\" ><div class=\"avia-image-container-inner\"><div class=\"avia-image-overlay-wrap\"><img decoding=\"async\" fetchpriority=\"high\" class='wp-image-7393 avia-img-lazy-loading-not-7393 avia_image ' src=\"https:\/\/mycekagarden.com\/de\/wp-content\/uploads\/2025\/05\/yan1.png\" alt='' title='yan1'  height=\"170\" width=\"170\"  itemprop=\"thumbnailUrl\" srcset=\"https:\/\/mycekagarden.com\/de\/wp-content\/uploads\/2025\/05\/yan1.png 170w, https:\/\/mycekagarden.com\/de\/wp-content\/uploads\/2025\/05\/yan1-80x80.png 80w, https:\/\/mycekagarden.com\/de\/wp-content\/uploads\/2025\/05\/yan1-36x36.png 36w\" sizes=\"(max-width: 170px) 100vw, 170px\" \/><\/div><\/div><\/div>\n\n<style type=\"text\/css\" data-created_by=\"avia_inline_auto\" id=\"style-css-av-8ufcc8-cc654447e147b892552fb2672ececdeb\">\n#top .av-special-heading.av-8ufcc8-cc654447e147b892552fb2672ececdeb{\npadding-bottom:10px;\ncolor:#000000;\nfont-size:42px;\n}\nbody .av-special-heading.av-8ufcc8-cc654447e147b892552fb2672ececdeb .av-special-heading-tag .heading-char{\nfont-size:25px;\n}\n#top #wrap_all .av-special-heading.av-8ufcc8-cc654447e147b892552fb2672ececdeb .av-special-heading-tag{\nfont-size:42px;\n}\n.av-special-heading.av-8ufcc8-cc654447e147b892552fb2672ececdeb .special-heading-inner-border{\nborder-color:#000000;\n}\n.av-special-heading.av-8ufcc8-cc654447e147b892552fb2672ececdeb .av-subheading{\nfont-size:15px;\ncolor:#1e3254;\n}\n\n@media only screen and (min-width: 480px) and (max-width: 767px){ \n#top #wrap_all .av-special-heading.av-8ufcc8-cc654447e147b892552fb2672ececdeb .av-special-heading-tag{\nfont-size:0.8em;\n}\n}\n\n@media only screen and (max-width: 479px){ \n#top #wrap_all .av-special-heading.av-8ufcc8-cc654447e147b892552fb2672ececdeb .av-special-heading-tag{\nfont-size:0.8em;\n}\n}\n<\/style>\n<div  id=\"baslik1\"  class='av-special-heading av-8ufcc8-cc654447e147b892552fb2672ececdeb av-special-heading-h3 custom-color-heading blockquote modern-quote modern-centered  avia-builder-el-4  el_after_av_image  el_before_av_textblock  baslik1 baslik1 av-inherit-size'><div class='av_custom_color av-subheading av-subheading_above'><div class=\"gt-line\"><\/div>\n<p>MY CEKA GARDEN<\/p>\n<\/div><h3 class='av-special-heading-tag '  itemprop=\"headline\"  >Innovative und nachhaltige Produktion<\/h3><div class=\"special-heading-border\"><div class=\"special-heading-inner-border\"><\/div><\/div><\/div>\n\n<style type=\"text\/css\" data-created_by=\"avia_inline_auto\" id=\"style-css-av-7h0kug-3616d27b99b8f9612d8266aba528c572\">\n#top .av_textblock_section.av-7h0kug-3616d27b99b8f9612d8266aba528c572 .avia_textblock{\ntext-align:justify;\n}\n<\/style>\n<section  id=\"giris\"  class='av_textblock_section av-7h0kug-3616d27b99b8f9612d8266aba528c572 '   itemscope=\"itemscope\" itemtype=\"https:\/\/schema.org\/CreativeWork\" ><div class='avia_textblock giris giris'  itemprop=\"text\" ><p>\u00c7eka Tasar\u0131m Mobilya Tekstil Sanayi ve Ticaret A.\u015e. ist ein Hersteller und Exporteur mit Sitz in \u0130zmir, T\u00fcrkei, der unter der renommierten Marke My Ceka Garden t\u00e4tig ist. Seit 2004 verpflichtet sich unser Unternehmen, elegante und funktionale L\u00f6sungen f\u00fcr Garten- und Outdoorm\u00f6bel anzubieten, um \u00c4sthetik in Ihre Lebensr\u00e4ume zu bringen. Wir produzieren auf einer Fl\u00e4che von 5.000 m\u00b2 mit einem Team von 50 Fachkr\u00e4ften.<\/p>\n<p>Unser Ziel ist es, Produkte mit durchdachten Details und einem starken Fokus auf Langlebigkeit zu entwerfen und herzustellen. Unser breites Produktsortiment umfasst Sitzgruppen, Essgruppen, Couchtische und Sonnenliegen. Unsere Produkte sind speziell f\u00fcr den Einsatz im Freien konzipiert und zeichnen sich durch UV-Best\u00e4ndigkeit und langlebige Materialien aus.<\/p>\n<p>Unser Produktionsprozess vereint traditionelle Handwerkskunst mit modernster Technologie. Wir setzen fortschrittliche Fertigungstechniken ein, darunter Laserschneidmaschinen, robotergest\u00fctzte Schwei\u00dftechnologie, Chromat-Beschichtungsverfahren und pr\u00e4zise Montageabl\u00e4ufe. Produkte aus Aluminium und Iroko-Holz werden sorgf\u00e4ltig von unseren erfahrenen Handwerkern gefertigt. Bei unseren Holzprodukten kombinieren wir die widerstandsf\u00e4higsten Materialien der Natur mit moderner Technologie, um langlebige und \u00e4sthetisch anspruchsvolle Designs zu schaffen.<\/p>\n<p>Die Bedeutung, die wir auf Qualit\u00e4tsstandards legen, wird durch die folgenden international anerkannten Managementsysteme zertifiziert:<\/p>\n<p>ISO 9001:2015 Qualit\u00e4tsmanagementsystem<br \/>\nISO 14001:2015 Umweltmanagementsystem<br \/>\nISO 10002:2018 Beschwerdemanagementsystem (Kundenzufriedenheit)<br \/>\nISO 45001:2018 Arbeits- und Gesundheitsschutzmanagementsystem<br \/>\nDiese Zertifizierungen belegen, dass unsere Produktionsprozesse internationalen Standards entsprechen und unser Engagement f\u00fcr Qualit\u00e4t, Umweltverantwortung, Kundenzufriedenheit und Arbeitssicherheit widerspiegeln.<\/p>\n<p>Unsere Produkte werden mit einer 2-j\u00e4hrigen Garantie geliefert, die Schutz gegen Witterungseinfl\u00fcsse und UV-Strahlen bietet. Auch nach Ablauf dieser Frist stehen wir weiterhin mit Wartungs- und Servicedienstleistungen zur Seite, was unser langfristiges Engagement gegen\u00fcber unseren Kunden unterstreicht.<\/p>\n<p>Unser Streben nach Qualit\u00e4t, Sicherheit und \u00c4sthetik zeigt sich in jeder Phase unserer Produktion. Jedes Produkt durchl\u00e4uft einen sorgf\u00e4ltig kontrollierten Prozess, um h\u00f6chste Qualit\u00e4tsstandards zu gew\u00e4hrleisten. Dabei haben die Gesundheit und Sicherheit unserer Mitarbeiter stets oberste Priorit\u00e4t, w\u00e4hrend wir nachhaltige Produktionsrichtlinien einhalten.<\/p>\n<p>Bei My Ceka Garden gestalten wir Au\u00dfen- und Gartenbereiche weiter, indem wir Eleganz und Qualit\u00e4t in unseren M\u00f6beln vereinen. Mit starken Referenzen stehen wir Ihnen jederzeit mit bestem Service und Unterst\u00fctzung zur Seite. Unsere Designs sind darauf ausgerichtet, den Wert Ihrer Au\u00dfenbereiche zu steigern.<\/p>\n<\/div><\/section>\n\n","protected":false},"excerpt":{"rendered":"","protected":false},"author":1,"featured_media":0,"parent":0,"menu_order":0,"comment_status":"closed","ping_status":"closed","template":"","meta":{"footnotes":""},"class_list":["post-4904","page","type-page","status-publish","hentry"],"yoast_head":"<!-- This site is optimized with the Yoast SEO plugin v24.0 - https:\/\/yoast.com\/wordpress\/plugins\/seo\/ -->\n<title>Produktion - My Ceka Garden<\/title>\n<meta name=\"robots\" content=\"index, follow, max-snippet:-1, max-image-preview:large, max-video-preview:-1\" \/>\n<link rel=\"canonical\" href=\"https:\/\/mycekagarden.com\/de\/produktion\/\" \/>\n<meta property=\"og:locale\" content=\"de_DE\" \/>\n<meta property=\"og:type\" content=\"article\" \/>\n<meta property=\"og:title\" content=\"Produktion - My Ceka Garden\" \/>\n<meta property=\"og:url\" content=\"https:\/\/mycekagarden.com\/de\/produktion\/\" \/>\n<meta property=\"og:site_name\" content=\"My Ceka Garden\" \/>\n<meta property=\"article:publisher\" content=\"https:\/\/www.facebook.com\/mycekagarden\/\" \/>\n<meta property=\"article:modified_time\" content=\"2025-05-20T08:48:06+00:00\" \/>\n<meta name=\"twitter:card\" content=\"summary_large_image\" \/>\n<meta name=\"twitter:label1\" content=\"Gesch\u00e4tzte Lesezeit\" \/>\n\t<meta name=\"twitter:data1\" content=\"3\u00a0Minuten\" \/>\n<script type=\"application\/ld+json\" class=\"yoast-schema-graph\">{\"@context\":\"https:\/\/schema.org\",\"@graph\":[{\"@type\":\"WebPage\",\"@id\":\"https:\/\/mycekagarden.com\/de\/produktion\/\",\"url\":\"https:\/\/mycekagarden.com\/de\/produktion\/\",\"name\":\"Produktion - My Ceka Garden\",\"isPartOf\":{\"@id\":\"https:\/\/mycekagarden.com\/#website\"},\"datePublished\":\"2024-12-10T06:09:07+00:00\",\"dateModified\":\"2025-05-20T08:48:06+00:00\",\"breadcrumb\":{\"@id\":\"https:\/\/mycekagarden.com\/de\/produktion\/#breadcrumb\"},\"inLanguage\":\"de\",\"potentialAction\":[{\"@type\":\"ReadAction\",\"target\":[\"https:\/\/mycekagarden.com\/de\/produktion\/\"]}]},{\"@type\":\"BreadcrumbList\",\"@id\":\"https:\/\/mycekagarden.com\/de\/produktion\/#breadcrumb\",\"itemListElement\":[{\"@type\":\"ListItem\",\"position\":1,\"name\":\"Anasayfa\",\"item\":\"https:\/\/mycekagarden.com\/de\/myceka-garden\/\"},{\"@type\":\"ListItem\",\"position\":2,\"name\":\"Produktion\"}]},{\"@type\":\"WebSite\",\"@id\":\"https:\/\/mycekagarden.com\/#website\",\"url\":\"https:\/\/mycekagarden.com\/\",\"name\":\"My Ceka Garden\",\"description\":\"\",\"potentialAction\":[{\"@type\":\"SearchAction\",\"target\":{\"@type\":\"EntryPoint\",\"urlTemplate\":\"https:\/\/mycekagarden.com\/?s={search_term_string}\"},\"query-input\":{\"@type\":\"PropertyValueSpecification\",\"valueRequired\":true,\"valueName\":\"search_term_string\"}}],\"inLanguage\":\"de\"}]}<\/script>\n<!-- \/ Yoast SEO plugin. -->","yoast_head_json":{"title":"Produktion - My Ceka Garden","robots":{"index":"index","follow":"follow","max-snippet":"max-snippet:-1","max-image-preview":"max-image-preview:large","max-video-preview":"max-video-preview:-1"},"canonical":"https:\/\/mycekagarden.com\/de\/produktion\/","og_locale":"de_DE","og_type":"article","og_title":"Produktion - My Ceka Garden","og_url":"https:\/\/mycekagarden.com\/de\/produktion\/","og_site_name":"My Ceka Garden","article_publisher":"https:\/\/www.facebook.com\/mycekagarden\/","article_modified_time":"2025-05-20T08:48:06+00:00","twitter_card":"summary_large_image","twitter_misc":{"Gesch\u00e4tzte Lesezeit":"3\u00a0Minuten"},"schema":{"@context":"https:\/\/schema.org","@graph":[{"@type":"WebPage","@id":"https:\/\/mycekagarden.com\/de\/produktion\/","url":"https:\/\/mycekagarden.com\/de\/produktion\/","name":"Produktion - My Ceka Garden","isPartOf":{"@id":"https:\/\/mycekagarden.com\/#website"},"datePublished":"2024-12-10T06:09:07+00:00","dateModified":"2025-05-20T08:48:06+00:00","breadcrumb":{"@id":"https:\/\/mycekagarden.com\/de\/produktion\/#breadcrumb"},"inLanguage":"de","potentialAction":[{"@type":"ReadAction","target":["https:\/\/mycekagarden.com\/de\/produktion\/"]}]},{"@type":"BreadcrumbList","@id":"https:\/\/mycekagarden.com\/de\/produktion\/#breadcrumb","itemListElement":[{"@type":"ListItem","position":1,"name":"Anasayfa","item":"https:\/\/mycekagarden.com\/de\/myceka-garden\/"},{"@type":"ListItem","position":2,"name":"Produktion"}]},{"@type":"WebSite","@id":"https:\/\/mycekagarden.com\/#website","url":"https:\/\/mycekagarden.com\/","name":"My Ceka Garden","description":"","potentialAction":[{"@type":"SearchAction","target":{"@type":"EntryPoint","urlTemplate":"https:\/\/mycekagarden.com\/?s={search_term_string}"},"query-input":{"@type":"PropertyValueSpecification","valueRequired":true,"valueName":"search_term_string"}}],"inLanguage":"de"}]}},"_links":{"self":[{"href":"https:\/\/mycekagarden.com\/de\/wp-json\/wp\/v2\/pages\/4904","targetHints":{"allow":["GET"]}}],"collection":[{"href":"https:\/\/mycekagarden.com\/de\/wp-json\/wp\/v2\/pages"}],"about":[{"href":"https:\/\/mycekagarden.com\/de\/wp-json\/wp\/v2\/types\/page"}],"author":[{"embeddable":true,"href":"https:\/\/mycekagarden.com\/de\/wp-json\/wp\/v2\/users\/1"}],"replies":[{"embeddable":true,"href":"https:\/\/mycekagarden.com\/de\/wp-json\/wp\/v2\/comments?post=4904"}],"version-history":[{"count":3,"href":"https:\/\/mycekagarden.com\/de\/wp-json\/wp\/v2\/pages\/4904\/revisions"}],"predecessor-version":[{"id":7394,"href":"https:\/\/mycekagarden.com\/de\/wp-json\/wp\/v2\/pages\/4904\/revisions\/7394"}],"wp:attachment":[{"href":"https:\/\/mycekagarden.com\/de\/wp-json\/wp\/v2\/media?parent=4904"}],"curies":[{"name":"wp","href":"https:\/\/api.w.org\/{rel}","templated":true}]}}