{"id":5146,"date":"2024-12-12T09:09:45","date_gmt":"2024-12-12T06:09:45","guid":{"rendered":"https:\/\/mycekagarden.com\/de\/?page_id=5146"},"modified":"2025-05-06T13:54:40","modified_gmt":"2025-05-06T10:54:40","slug":"gizlilik-politikasi","status":"publish","type":"page","link":"https:\/\/mycekagarden.com\/de\/gizlilik-politikasi\/","title":{"rendered":"Gizlilik Politikas\u0131"},"content":{"rendered":"<p>Ihre Sicherheit ist uns wichtig. Deshalb sch\u00fctzen wir die personenbezogenen Daten, die Sie uns \u00fcbermitteln, mit gr\u00f6\u00dfter Sorgfalt.<\/p>\n<p>Als Verantwortlicher f\u00fcr die Datenverarbeitung m\u00f6chten wir Sie mit dieser Datenschutzerkl\u00e4rung dar\u00fcber informieren, welche personenbezogenen Daten zu welchem \u200b\u200bZweck verarbeitet werden, an wen und warum die verarbeiteten Daten weitergegeben werden k\u00f6nnen, wie wir die Daten verarbeiten und welche Rechtsgrundlagen hierf\u00fcr bestehen und welche Rechte Sie in Bezug auf die verarbeiteten Daten haben.<\/p>\n<p>Ihre erhobenen personenbezogenen Daten, Erhebungsmethode und Rechtsgrundlage<\/p>\n<p>Ihre IP-Adresse und Ihre User-Agent-Informationen werden ausschlie\u00dflich zu Analysezwecken und mithilfe von Technologien wie Cookies usw. automatisch oder nicht automatisch verarbeitet. Gegebenenfalls werden sie von Dritten wie Analyseanbietern, Werbenetzwerken, Suchinformationsanbietern und Technologieanbietern bezogen und im Rahmen und w\u00e4hrend der Dauer der zwischen uns bestehenden Dienstleistungs- und Vertragsbeziehung auf Grundlage des berechtigten Interesses an der Verarbeitung erfasst, gespeichert und aktualisiert.<\/p>\n<p>Zweck der Verarbeitung Ihrer personenbezogenen Daten<\/p>\n<p>Ihre personenbezogenen Daten, die Sie uns \u00fcbermitteln, werden ausschlie\u00dflich zu Analysezwecken verwendet. Um die Anforderungen unserer angebotenen Dienstleistungen bestm\u00f6glich zu erf\u00fcllen, Ihnen den bestm\u00f6glichen Zugang zu diesen Dienstleistungen zu erm\u00f6glichen, unsere Dienstleistungen bedarfsgerecht weiterzuentwickeln, Sie im Rahmen der gesetzlichen Vorgaben mit weiteren Dienstleistern zusammenzubringen und den gesetzlichen Verpflichtungen (Weitergabe personenbezogener Daten an Justiz- und Verwaltungsbeh\u00f6rden auf Anfrage) nachzukommen, werden Ihre Daten w\u00e4hrend der Vertrags- und Servicelaufzeit zweckgebunden und ma\u00dfvoll verarbeitet und aktualisiert.<\/p>\n<p>An wen und zu welchen Zwecken k\u00f6nnen erhobene personenbezogene Daten \u00fcbermittelt werden?<\/p>\n<p>Ihre personenbezogenen Daten, die Sie uns \u00fcbermitteln, k\u00f6nnen an in- und ausl\u00e4ndische Dritte, Institutionen und Organisationen, von denen wir Dienstleistungen erhalten und\/oder erbringen, mit denen wir in einer Vertragsbeziehung stehen oder mit denen wir zusammenarbeiten, sowie auf Anfrage an Justiz- und Verwaltungsbeh\u00f6rden \u00fcbermittelt werden, sofern die erforderlichen technischen und administrativen Ma\u00dfnahmen getroffen werden.<br \/>\nIhre Rechte als betroffene Person<\/p>\n<p>Gem\u00e4\u00df Artikel 11 KVKK kann sich jede Person an den Verantwortlichen wenden und folgende Rechte aus\u00fcben:<\/p>\n<p>Erfahren, ob personenbezogene Daten verarbeitet werden,<br \/>\nAuskunft \u00fcber personenbezogene Daten, falls diese verarbeitet wurden,<br \/>\nErfahren, zu welchem \u200b\u200bZweck die personenbezogenen Daten verarbeitet werden und ob sie zweckgem\u00e4\u00df verwendet werden,<br \/>\nErfahren, an welche Dritten personenbezogene Daten im In- und Ausland \u00fcbermittelt werden,<br \/>\nBest\u00e4tigung der Berichtigung unvollst\u00e4ndiger oder fehlerhafter Daten,<br \/>\nL\u00f6schung oder Vernichtung personenbezogener Daten,<br \/>\nBenachrichtigung \u00fcber gem\u00e4\u00df den Buchstaben (e) und (f) durchgef\u00fchrte Transaktionen an Dritte, an die personenbezogene Daten \u00fcbermittelt werden,<br \/>\nEinspruch gegen die Entstehung eines Schadens durch ausschlie\u00dflich automatisierte Analyse der verarbeiteten Daten,<br \/>\nSchadensersatz bei Sch\u00e4den durch unrechtm\u00e4\u00dfige Verarbeitung personenbezogener Daten.<\/p>\n<p>Um Ihre oben genannten Rechte auszu\u00fcben, k\u00f6nnen Sie uns unter info@mycekagarden.com kontaktieren. Kontakt<\/p>\n<p>Um Analysen zur Bereitstellung unserer Dienste durchf\u00fchren zu k\u00f6nnen, steht es Ihnen frei, der Verarbeitung Ihrer personenbezogenen Daten, die gem\u00e4\u00df dieser Datenschutzerkl\u00e4rung erforderlich ist, zuzustimmen oder sie abzulehnen. Wenn Sie die Website weiterhin nutzen, gehen wir davon aus, dass Sie der Verarbeitung zugestimmt haben. F\u00fcr weitere Informationen kontaktieren Sie uns bitte unter info@mycekagarden.com.<\/p>\n","protected":false},"excerpt":{"rendered":"<p>Ihre Sicherheit ist uns wichtig. Deshalb sch\u00fctzen wir die personenbezogenen Daten, die Sie uns \u00fcbermitteln, mit gr\u00f6\u00dfter Sorgfalt. Als Verantwortlicher f\u00fcr die Datenverarbeitung m\u00f6chten wir Sie mit dieser Datenschutzerkl\u00e4rung dar\u00fcber informieren, welche personenbezogenen Daten zu welchem \u200b\u200bZweck verarbeitet werden, an wen und warum die verarbeiteten Daten weitergegeben werden k\u00f6nnen, wie wir die Daten verarbeiten und [&hellip;]<\/p>\n","protected":false},"author":1,"featured_media":0,"parent":0,"menu_order":0,"comment_status":"closed","ping_status":"closed","template":"","meta":{"footnotes":""},"class_list":["post-5146","page","type-page","status-publish","hentry"],"yoast_head":"<!-- This site is optimized with the Yoast SEO plugin v24.0 - https:\/\/yoast.com\/wordpress\/plugins\/seo\/ -->\n<title>Gizlilik Politikas\u0131 - My Ceka Garden<\/title>\n<meta name=\"robots\" content=\"index, follow, max-snippet:-1, max-image-preview:large, max-video-preview:-1\" \/>\n<link rel=\"canonical\" href=\"https:\/\/mycekagarden.com\/de\/gizlilik-politikasi\/\" \/>\n<meta property=\"og:locale\" content=\"de_DE\" \/>\n<meta property=\"og:type\" content=\"article\" \/>\n<meta property=\"og:title\" content=\"Gizlilik Politikas\u0131 - My Ceka Garden\" \/>\n<meta property=\"og:description\" content=\"Ihre Sicherheit ist uns wichtig. Deshalb sch\u00fctzen wir die personenbezogenen Daten, die Sie uns \u00fcbermitteln, mit gr\u00f6\u00dfter Sorgfalt. Als Verantwortlicher f\u00fcr die Datenverarbeitung m\u00f6chten wir Sie mit dieser Datenschutzerkl\u00e4rung dar\u00fcber informieren, welche personenbezogenen Daten zu welchem \u200b\u200bZweck verarbeitet werden, an wen und warum die verarbeiteten Daten weitergegeben werden k\u00f6nnen, wie wir die Daten verarbeiten und [&hellip;]\" \/>\n<meta property=\"og:url\" content=\"https:\/\/mycekagarden.com\/de\/gizlilik-politikasi\/\" \/>\n<meta property=\"og:site_name\" content=\"My Ceka Garden\" \/>\n<meta property=\"article:publisher\" content=\"https:\/\/www.facebook.com\/mycekagarden\/\" \/>\n<meta property=\"article:modified_time\" content=\"2025-05-06T10:54:40+00:00\" \/>\n<meta name=\"twitter:card\" content=\"summary_large_image\" \/>\n<meta name=\"twitter:label1\" content=\"Gesch\u00e4tzte Lesezeit\" \/>\n\t<meta name=\"twitter:data1\" content=\"3\u00a0Minuten\" \/>\n<script type=\"application\/ld+json\" class=\"yoast-schema-graph\">{\"@context\":\"https:\/\/schema.org\",\"@graph\":[{\"@type\":\"WebPage\",\"@id\":\"https:\/\/mycekagarden.com\/de\/gizlilik-politikasi\/\",\"url\":\"https:\/\/mycekagarden.com\/de\/gizlilik-politikasi\/\",\"name\":\"Gizlilik Politikas\u0131 - My Ceka Garden\",\"isPartOf\":{\"@id\":\"https:\/\/mycekagarden.com\/#website\"},\"datePublished\":\"2024-12-12T06:09:45+00:00\",\"dateModified\":\"2025-05-06T10:54:40+00:00\",\"breadcrumb\":{\"@id\":\"https:\/\/mycekagarden.com\/de\/gizlilik-politikasi\/#breadcrumb\"},\"inLanguage\":\"de\",\"potentialAction\":[{\"@type\":\"ReadAction\",\"target\":[\"https:\/\/mycekagarden.com\/de\/gizlilik-politikasi\/\"]}]},{\"@type\":\"BreadcrumbList\",\"@id\":\"https:\/\/mycekagarden.com\/de\/gizlilik-politikasi\/#breadcrumb\",\"itemListElement\":[{\"@type\":\"ListItem\",\"position\":1,\"name\":\"Anasayfa\",\"item\":\"https:\/\/mycekagarden.com\/de\/myceka-garden\/\"},{\"@type\":\"ListItem\",\"position\":2,\"name\":\"Gizlilik Politikas\u0131\"}]},{\"@type\":\"WebSite\",\"@id\":\"https:\/\/mycekagarden.com\/#website\",\"url\":\"https:\/\/mycekagarden.com\/\",\"name\":\"My Ceka Garden\",\"description\":\"\",\"potentialAction\":[{\"@type\":\"SearchAction\",\"target\":{\"@type\":\"EntryPoint\",\"urlTemplate\":\"https:\/\/mycekagarden.com\/?s={search_term_string}\"},\"query-input\":{\"@type\":\"PropertyValueSpecification\",\"valueRequired\":true,\"valueName\":\"search_term_string\"}}],\"inLanguage\":\"de\"}]}<\/script>\n<!-- \/ Yoast SEO plugin. -->","yoast_head_json":{"title":"Gizlilik Politikas\u0131 - My Ceka Garden","robots":{"index":"index","follow":"follow","max-snippet":"max-snippet:-1","max-image-preview":"max-image-preview:large","max-video-preview":"max-video-preview:-1"},"canonical":"https:\/\/mycekagarden.com\/de\/gizlilik-politikasi\/","og_locale":"de_DE","og_type":"article","og_title":"Gizlilik Politikas\u0131 - My Ceka Garden","og_description":"Ihre Sicherheit ist uns wichtig. Deshalb sch\u00fctzen wir die personenbezogenen Daten, die Sie uns \u00fcbermitteln, mit gr\u00f6\u00dfter Sorgfalt. Als Verantwortlicher f\u00fcr die Datenverarbeitung m\u00f6chten wir Sie mit dieser Datenschutzerkl\u00e4rung dar\u00fcber informieren, welche personenbezogenen Daten zu welchem \u200b\u200bZweck verarbeitet werden, an wen und warum die verarbeiteten Daten weitergegeben werden k\u00f6nnen, wie wir die Daten verarbeiten und [&hellip;]","og_url":"https:\/\/mycekagarden.com\/de\/gizlilik-politikasi\/","og_site_name":"My Ceka Garden","article_publisher":"https:\/\/www.facebook.com\/mycekagarden\/","article_modified_time":"2025-05-06T10:54:40+00:00","twitter_card":"summary_large_image","twitter_misc":{"Gesch\u00e4tzte Lesezeit":"3\u00a0Minuten"},"schema":{"@context":"https:\/\/schema.org","@graph":[{"@type":"WebPage","@id":"https:\/\/mycekagarden.com\/de\/gizlilik-politikasi\/","url":"https:\/\/mycekagarden.com\/de\/gizlilik-politikasi\/","name":"Gizlilik Politikas\u0131 - My Ceka Garden","isPartOf":{"@id":"https:\/\/mycekagarden.com\/#website"},"datePublished":"2024-12-12T06:09:45+00:00","dateModified":"2025-05-06T10:54:40+00:00","breadcrumb":{"@id":"https:\/\/mycekagarden.com\/de\/gizlilik-politikasi\/#breadcrumb"},"inLanguage":"de","potentialAction":[{"@type":"ReadAction","target":["https:\/\/mycekagarden.com\/de\/gizlilik-politikasi\/"]}]},{"@type":"BreadcrumbList","@id":"https:\/\/mycekagarden.com\/de\/gizlilik-politikasi\/#breadcrumb","itemListElement":[{"@type":"ListItem","position":1,"name":"Anasayfa","item":"https:\/\/mycekagarden.com\/de\/myceka-garden\/"},{"@type":"ListItem","position":2,"name":"Gizlilik Politikas\u0131"}]},{"@type":"WebSite","@id":"https:\/\/mycekagarden.com\/#website","url":"https:\/\/mycekagarden.com\/","name":"My Ceka Garden","description":"","potentialAction":[{"@type":"SearchAction","target":{"@type":"EntryPoint","urlTemplate":"https:\/\/mycekagarden.com\/?s={search_term_string}"},"query-input":{"@type":"PropertyValueSpecification","valueRequired":true,"valueName":"search_term_string"}}],"inLanguage":"de"}]}},"_links":{"self":[{"href":"https:\/\/mycekagarden.com\/de\/wp-json\/wp\/v2\/pages\/5146","targetHints":{"allow":["GET"]}}],"collection":[{"href":"https:\/\/mycekagarden.com\/de\/wp-json\/wp\/v2\/pages"}],"about":[{"href":"https:\/\/mycekagarden.com\/de\/wp-json\/wp\/v2\/types\/page"}],"author":[{"embeddable":true,"href":"https:\/\/mycekagarden.com\/de\/wp-json\/wp\/v2\/users\/1"}],"replies":[{"embeddable":true,"href":"https:\/\/mycekagarden.com\/de\/wp-json\/wp\/v2\/comments?post=5146"}],"version-history":[{"count":2,"href":"https:\/\/mycekagarden.com\/de\/wp-json\/wp\/v2\/pages\/5146\/revisions"}],"predecessor-version":[{"id":7380,"href":"https:\/\/mycekagarden.com\/de\/wp-json\/wp\/v2\/pages\/5146\/revisions\/7380"}],"wp:attachment":[{"href":"https:\/\/mycekagarden.com\/de\/wp-json\/wp\/v2\/media?parent=5146"}],"curies":[{"name":"wp","href":"https:\/\/api.w.org\/{rel}","templated":true}]}}