{"id":3839,"date":"2024-11-28T09:01:31","date_gmt":"2024-11-28T06:01:31","guid":{"rendered":"https:\/\/mycekagarden.com\/en\/?page_id=3839"},"modified":"2025-12-26T09:26:27","modified_gmt":"2025-12-26T06:26:27","slug":"contact","status":"publish","type":"page","link":"https:\/\/mycekagarden.com\/en\/contact\/","title":{"rendered":"Contact"},"content":{"rendered":"<div id='av-layout-grid-1'  class='av-layout-grid-container av-8vy00v-e4e0d938e10e01d4a07cabd2560e23fb entry-content-wrapper main_color av-flex-cells  avia-builder-el-0  el_before_av_slideshow_full  avia-builder-el-first   container_wrap fullsize'  >\n\n<style type=\"text\/css\" data-created_by=\"avia_inline_auto\" id=\"style-css-av-75cp73-798130c91b663dbdc0563e44752e207d\">\n.flex_cell.av-75cp73-798130c91b663dbdc0563e44752e207d{\nvertical-align:top;\n}\n.responsive #top #wrap_all .flex_cell.av-75cp73-798130c91b663dbdc0563e44752e207d{\npadding:0px 0px 0px 0px !important;\n}\n<\/style>\n<div class='flex_cell av-75cp73-798130c91b663dbdc0563e44752e207d av-gridrow-cell av_one_full no_margin  avia-builder-el-1  avia-builder-el-no-sibling  av-zero-padding'  ><div class='flex_cell_inner'>\n<\/div><\/div>\n<\/div>\n<div id='event'  class='avia-fullwidth-slider main_color avia-shadow   avia-builder-el-3  el_after_av_layout_row  el_before_av_section  event  slider-not-first container_wrap fullsize'  ><div  class='avia-slideshow av-4a0pfz-7226b690032bbf3dedfc656c30d26cf3 avia-slideshow-featured_large av_slideshow_full avia-slide-slider event av-slideshow-ui av-control-hidden av-no-slider-navigation av-hide-nav-arrows av-slideshow-manual av-loop-once av-loop-manual-endless av-default-height-applied   avia-slideshow-1' data-slideshow-options=\"{&quot;animation&quot;:&quot;slide&quot;,&quot;autoplay&quot;:false,&quot;loop_autoplay&quot;:&quot;once&quot;,&quot;interval&quot;:5,&quot;loop_manual&quot;:&quot;manual-endless&quot;,&quot;autoplay_stopper&quot;:false,&quot;noNavigation&quot;:true,&quot;bg_slider&quot;:false,&quot;keep_padding&quot;:false,&quot;hoverpause&quot;:false,&quot;show_slide_delay&quot;:0}\"  itemprop=\"image\" itemscope=\"itemscope\" itemtype=\"https:\/\/schema.org\/ImageObject\" ><ul class='avia-slideshow-inner ' style='padding-bottom: 42%;'><li  data-controls='aviaTBaviaTBvideo_controls' data-mute='aviaTBaviaTBvideo_mute' data-loop='aviaTBaviaTBvideo_loop' data-disable-autoplay=''  data-video-height='134' data-video-toppos='-17' data-video-ratio='2.3809523809524' class='avia-slideshow-slide av-4a0pfz-7226b690032bbf3dedfc656c30d26cf3__0  av-video-slide  av-video-service-youtube  av-hide-video-controls av-mute-video av-loop-video av-mobile-fallback-image  av-video-stretch av-single-slide slide-1 slide-odd'><div data-rel='slideshow-1' class='avia-slide-wrap '   ><div class='av-click-overlay'><\/div><div class='mejs-mediaelement'  itemprop=\"video\" itemtype=\"https:\/\/schema.org\/VideoObject\" ><div height='1600' width='900' class='av_youtube_frame' id='player_3839_1619846429_2060131236'  data-autoplay='0'  data-videoid='WD9WEgVqKwc'  data-hd='1'  data-rel='0'  data-wmode='opaque'  data-loop='0'  data-version='3'  data-autohide='1'  data-color='white'  data-controls='0'  data-iv_load_policy='3'  data-original_url='https:\/\/www.youtube.com\/watch?v=WD9WEgVqKwc' ><\/div><\/div><div class=\"av-click-to-play-overlay\"><div class=\"avia_playpause_icon\"><\/div><\/div><\/div><\/li><\/ul><\/div><\/div>\n\n<style type=\"text\/css\" data-created_by=\"avia_inline_auto\" id=\"style-css-av-m40wslz5-eba093c2017f7982d04281dcc508351b\">\n.avia-section.av-m40wslz5-eba093c2017f7982d04281dcc508351b{\nmargin-top:-41%;\nmargin-bottom:0px;\n}\n<\/style>\n<div id='centered'  class='avia-section av-m40wslz5-eba093c2017f7982d04281dcc508351b main_color avia-section-no-padding avia-no-border-styling  avia-builder-el-4  el_after_av_slideshow_full  avia-builder-el-last  centered centered avia-bg-style-scroll container_wrap fullsize'  ><div class='container av-section-cont-open' ><div class='template-page content  av-content-full alpha units'><div class='post-entry post-entry-type-page post-entry-3839'><div class='entry-content-wrapper clearfix'>\n<div class='flex_column_table av-7x27ov-90abc4fb904363c165100df23a81e047 sc-av_one_fourth av-equal-height-column-flextable'><div  class='flex_column av-7x27ov-90abc4fb904363c165100df23a81e047 av_one_fourth  avia-builder-el-5  el_before_av_one_fourth  avia-builder-el-first  first no_margin flex_column_table_cell av-equal-height-column av-align-middle  '     ><style type=\"text\/css\" data-created_by=\"avia_inline_auto\" id=\"style-css-av-57z22n-892445e633ffd1f6acdb2645c89a8807\">\n#top .av-special-heading.av-57z22n-892445e633ffd1f6acdb2645c89a8807{\npadding-bottom:10px;\ncolor:#ffffff;\nfont-size:55px;\n}\nbody .av-special-heading.av-57z22n-892445e633ffd1f6acdb2645c89a8807 .av-special-heading-tag .heading-char{\nfont-size:25px;\n}\n#top #wrap_all .av-special-heading.av-57z22n-892445e633ffd1f6acdb2645c89a8807 .av-special-heading-tag{\nfont-size:55px;\n}\n.av-special-heading.av-57z22n-892445e633ffd1f6acdb2645c89a8807 .special-heading-inner-border{\nborder-color:#ffffff;\n}\n.av-special-heading.av-57z22n-892445e633ffd1f6acdb2645c89a8807 .av-subheading{\nfont-size:15px;\n}\n\n@media only screen and (min-width: 480px) and (max-width: 767px){ \n#top #wrap_all .av-special-heading.av-57z22n-892445e633ffd1f6acdb2645c89a8807 .av-special-heading-tag{\nfont-size:0.8em;\n}\n}\n\n@media only screen and (max-width: 479px){ \n#top #wrap_all .av-special-heading.av-57z22n-892445e633ffd1f6acdb2645c89a8807 .av-special-heading-tag{\nfont-size:0.8em;\n}\n}\n<\/style>\n<div  id=\"baslik1\"  class='av-special-heading av-57z22n-892445e633ffd1f6acdb2645c89a8807 av-special-heading-h3 custom-color-heading blockquote modern-quote modern-centered  avia-builder-el-6  avia-builder-el-no-sibling  baslik1 baslik1 av-inherit-size'><h3 class='av-special-heading-tag '  itemprop=\"headline\"  >We Are Here.<\/h3><div class=\"special-heading-border\"><div class=\"special-heading-inner-border\"><\/div><\/div><\/div><\/div>\n<style type=\"text\/css\" data-created_by=\"avia_inline_auto\" id=\"style-css-av-3lrxov-6482e24a5963457237f5d878e76d8efa\">\n.flex_column.av-3lrxov-6482e24a5963457237f5d878e76d8efa{\nborder-radius:15px 0px 0px 15px;\n}\n<\/style>\n<div  id=\"adres-cizgi\"  class='flex_column av-3lrxov-6482e24a5963457237f5d878e76d8efa av_one_fourth  avia-builder-el-7  el_after_av_one_fourth  el_before_av_one_fourth  adres cizgi adres cizgi no_margin flex_column_table_cell av-equal-height-column av-align-middle  '     aria-label='adres'  ><p>\n<style type=\"text\/css\" data-created_by=\"avia_inline_auto\" id=\"style-css-av-4foyu7-acf3a2e6aaa6bbefd1960a8199391a92\">\n#top .av-special-heading.av-4foyu7-acf3a2e6aaa6bbefd1960a8199391a92{\npadding-bottom:10px;\ncolor:#ffffff;\nfont-size:30px;\n}\nbody .av-special-heading.av-4foyu7-acf3a2e6aaa6bbefd1960a8199391a92 .av-special-heading-tag .heading-char{\nfont-size:25px;\n}\n#top #wrap_all .av-special-heading.av-4foyu7-acf3a2e6aaa6bbefd1960a8199391a92 .av-special-heading-tag{\nfont-size:30px;\n}\n.av-special-heading.av-4foyu7-acf3a2e6aaa6bbefd1960a8199391a92 .special-heading-inner-border{\nborder-color:#ffffff;\n}\n.av-special-heading.av-4foyu7-acf3a2e6aaa6bbefd1960a8199391a92 .av-subheading{\nfont-size:15px;\n}\n\n@media only screen and (min-width: 480px) and (max-width: 767px){ \n#top #wrap_all .av-special-heading.av-4foyu7-acf3a2e6aaa6bbefd1960a8199391a92 .av-special-heading-tag{\nfont-size:0.8em;\n}\n}\n\n@media only screen and (max-width: 479px){ \n#top #wrap_all .av-special-heading.av-4foyu7-acf3a2e6aaa6bbefd1960a8199391a92 .av-special-heading-tag{\nfont-size:0.8em;\n}\n}\n<\/style>\n<div  id=\"baslik1\"  class='av-special-heading av-4foyu7-acf3a2e6aaa6bbefd1960a8199391a92 av-special-heading-h3 custom-color-heading blockquote modern-quote modern-centered  avia-builder-el-8  el_before_av_textblock  avia-builder-el-first  baslik1 baslik1 av-inherit-size'><h3 class='av-special-heading-tag '  itemprop=\"headline\"  >Showroom<\/h3><div class=\"special-heading-border\"><div class=\"special-heading-inner-border\"><\/div><\/div><\/div><br \/>\n\n<style type=\"text\/css\" data-created_by=\"avia_inline_auto\" id=\"style-css-av-2l54u7-8968e1d2caa395e0955b86649e8cd46e\">\n#top .av_textblock_section.av-2l54u7-8968e1d2caa395e0955b86649e8cd46e .avia_textblock{\ntext-align:center;\n}\n<\/style>\n<section  class='av_textblock_section av-2l54u7-8968e1d2caa395e0955b86649e8cd46e '   itemscope=\"itemscope\" itemtype=\"https:\/\/schema.org\/CreativeWork\" ><div class='avia_textblock'  itemprop=\"text\" ><p>O\u011flananas\u0131 Atat\u00fcrk, K\u0131s\u0131kk\u00f6y Mobilya \u015eehri, Barbaros Cd. No:1, 35475<br \/>\nMenderes &#8211; \u0130zmir \/ T\u00dcRK\u0130YE<\/p>\n<p>info@mycekagarden.com<\/p>\n<p><strong><a href=\"https:\/\/www.google.com\/maps\/place\/\/data=!4m2!3m1!1s0x14bbdfe20ef7c9d1:0x5a7e457be5b63c72?sa=X&amp;ved=1t:8290&amp;ictx=111\" target=\"_blank\" rel=\"noopener\">GET DIRECTIONS<\/a><\/strong><\/p>\n<\/div><\/section><\/p><\/div>\n<style type=\"text\/css\" data-created_by=\"avia_inline_auto\" id=\"style-css-av-74n2n-198b00ad4c9cf44ed81814bfb1a1c26a\">\n.flex_column.av-74n2n-198b00ad4c9cf44ed81814bfb1a1c26a{\nborder-radius:0px 0px 0px 0px;\n}\n<\/style>\n<div  id=\"adres-cizgi\"  class='flex_column av-74n2n-198b00ad4c9cf44ed81814bfb1a1c26a av_one_fourth  avia-builder-el-10  el_after_av_one_fourth  el_before_av_one_fourth  adres cizgi adres cizgi no_margin flex_column_table_cell av-equal-height-column av-align-middle  '     ><p>\n<style type=\"text\/css\" data-created_by=\"avia_inline_auto\" id=\"style-css-av-5oo1vj-301b177a9d94ecf751b7a4811c88c82e\">\n#top .av-special-heading.av-5oo1vj-301b177a9d94ecf751b7a4811c88c82e{\npadding-bottom:10px;\ncolor:#ffffff;\nfont-size:30px;\n}\nbody .av-special-heading.av-5oo1vj-301b177a9d94ecf751b7a4811c88c82e .av-special-heading-tag .heading-char{\nfont-size:25px;\n}\n#top #wrap_all .av-special-heading.av-5oo1vj-301b177a9d94ecf751b7a4811c88c82e .av-special-heading-tag{\nfont-size:30px;\n}\n.av-special-heading.av-5oo1vj-301b177a9d94ecf751b7a4811c88c82e .special-heading-inner-border{\nborder-color:#ffffff;\n}\n.av-special-heading.av-5oo1vj-301b177a9d94ecf751b7a4811c88c82e .av-subheading{\nfont-size:15px;\n}\n\n@media only screen and (min-width: 480px) and (max-width: 767px){ \n#top #wrap_all .av-special-heading.av-5oo1vj-301b177a9d94ecf751b7a4811c88c82e .av-special-heading-tag{\nfont-size:0.8em;\n}\n}\n\n@media only screen and (max-width: 479px){ \n#top #wrap_all .av-special-heading.av-5oo1vj-301b177a9d94ecf751b7a4811c88c82e .av-special-heading-tag{\nfont-size:0.8em;\n}\n}\n<\/style>\n<div  id=\"baslik1\"  class='av-special-heading av-5oo1vj-301b177a9d94ecf751b7a4811c88c82e av-special-heading-h3 custom-color-heading blockquote modern-quote modern-centered  avia-builder-el-11  el_before_av_textblock  avia-builder-el-first  baslik1 baslik1 av-inherit-size'><h3 class='av-special-heading-tag '  itemprop=\"headline\"  >Factory<\/h3><div class=\"special-heading-border\"><div class=\"special-heading-inner-border\"><\/div><\/div><\/div><br \/>\n\n<style type=\"text\/css\" data-created_by=\"avia_inline_auto\" id=\"style-css-av-4je2i7-23b6f0f4f9d3285719bd22bc8c4659e4\">\n#top .av_textblock_section.av-4je2i7-23b6f0f4f9d3285719bd22bc8c4659e4 .avia_textblock{\ntext-align:center;\n}\n<\/style>\n<section  class='av_textblock_section av-4je2i7-23b6f0f4f9d3285719bd22bc8c4659e4 '   itemscope=\"itemscope\" itemtype=\"https:\/\/schema.org\/CreativeWork\" ><div class='avia_textblock'  itemprop=\"text\" ><p>\u0130TOB OSB Mah. 10020 Sok. No:5 Menderes-\u0130ZM\u0130R<\/p>\n<p>+90 232 253 57 58<br \/>\ninfo@mycekagarden.com<\/p>\n<p><strong><a href=\"https:\/\/maps.app.goo.gl\/Q7UsR81EMNk8qsQk9\" target=\"_blank\" rel=\"noopener\">GET DIRECTIONS<\/a><\/strong><\/p>\n<\/div><\/section><\/p><\/div>\n<style type=\"text\/css\" data-created_by=\"avia_inline_auto\" id=\"style-css-av-2ruotr-86fb5fe1ff114b7027676ac002b1df36\">\n.flex_column.av-2ruotr-86fb5fe1ff114b7027676ac002b1df36{\nborder-radius:0px 15px 15px 0px;\n}\n<\/style>\n<div  id=\"adres\"  class='flex_column av-2ruotr-86fb5fe1ff114b7027676ac002b1df36 av_one_fourth  avia-builder-el-13  el_after_av_one_fourth  el_before_av_one_third  adres adres no_margin flex_column_table_cell av-equal-height-column av-align-middle  '     ><p>\n<style type=\"text\/css\" data-created_by=\"avia_inline_auto\" id=\"style-css-av-m8o79fz4-46109d7016b84c237c7bfd97296b9b96\">\n#top .av-special-heading.av-m8o79fz4-46109d7016b84c237c7bfd97296b9b96{\npadding-bottom:10px;\ncolor:#ffffff;\nfont-size:30px;\n}\nbody .av-special-heading.av-m8o79fz4-46109d7016b84c237c7bfd97296b9b96 .av-special-heading-tag .heading-char{\nfont-size:25px;\n}\n#top #wrap_all .av-special-heading.av-m8o79fz4-46109d7016b84c237c7bfd97296b9b96 .av-special-heading-tag{\nfont-size:30px;\n}\n.av-special-heading.av-m8o79fz4-46109d7016b84c237c7bfd97296b9b96 .special-heading-inner-border{\nborder-color:#ffffff;\n}\n.av-special-heading.av-m8o79fz4-46109d7016b84c237c7bfd97296b9b96 .av-subheading{\nfont-size:15px;\n}\n\n@media only screen and (min-width: 480px) and (max-width: 767px){ \n#top #wrap_all .av-special-heading.av-m8o79fz4-46109d7016b84c237c7bfd97296b9b96 .av-special-heading-tag{\nfont-size:0.8em;\n}\n}\n\n@media only screen and (max-width: 479px){ \n#top #wrap_all .av-special-heading.av-m8o79fz4-46109d7016b84c237c7bfd97296b9b96 .av-special-heading-tag{\nfont-size:0.8em;\n}\n}\n<\/style>\n<div  id=\"baslik1\"  class='av-special-heading av-m8o79fz4-46109d7016b84c237c7bfd97296b9b96 av-special-heading-h3 custom-color-heading blockquote modern-quote modern-centered  avia-builder-el-14  el_before_av_textblock  avia-builder-el-first  baslik1 baslik1 av-inherit-size'><h3 class='av-special-heading-tag '  itemprop=\"headline\"  >Foreign Trade Department<\/h3><div class='av_custom_color av-subheading av-subheading_below'><p>For export and collaboration inquiries to be made outside of Turkey or received from abroad, you can contact our foreign trade department.<\/p>\n<\/div><div class=\"special-heading-border\"><div class=\"special-heading-inner-border\"><\/div><\/div><\/div><br \/>\n\n<style type=\"text\/css\" data-created_by=\"avia_inline_auto\" id=\"style-css-av-m8o7a1f1-a30e5c7d91623276a7292af08ae04ec4\">\n#top .av_textblock_section.av-m8o7a1f1-a30e5c7d91623276a7292af08ae04ec4 .avia_textblock{\ntext-align:center;\n}\n<\/style>\n<section  class='av_textblock_section av-m8o7a1f1-a30e5c7d91623276a7292af08ae04ec4 '   itemscope=\"itemscope\" itemtype=\"https:\/\/schema.org\/CreativeWork\" ><div class='avia_textblock'  itemprop=\"text\" ><p style=\"text-align: center;\">WApp: +90 552 158 45 37<br \/>\nexport@mycekagarden.com<\/p>\n<\/div><\/section><\/p><\/div><\/div><!--close column table wrapper. Autoclose: 1 --><div class='flex_column_table av-m64xsna7-3029cbbcc26993b6930e3d0eaffdb491 sc-av_one_third av-equal-height-column-flextable'>\n<style type=\"text\/css\" data-created_by=\"avia_inline_auto\" id=\"style-css-av-m64xsna7-3029cbbcc26993b6930e3d0eaffdb491\">\n.flex_column.av-m64xsna7-3029cbbcc26993b6930e3d0eaffdb491{\nborder-radius:0px 15px 15px 0px;\n}\n<\/style>\n<div  class='flex_column av-m64xsna7-3029cbbcc26993b6930e3d0eaffdb491 av_one_third  avia-builder-el-16  el_after_av_one_fourth  el_before_av_two_third  first no_margin flex_column_table_cell av-equal-height-column av-align-middle  column-top-margin'     ><\/div>\n<style type=\"text\/css\" data-created_by=\"avia_inline_auto\" id=\"style-css-av-5h728f-923c62ede6b4620a6b0d5272e3566355\">\n.flex_column.av-5h728f-923c62ede6b4620a6b0d5272e3566355{\nborder-radius:0px 15px 15px 0px;\n}\n<\/style>\n<div  id=\"adres\"  class='flex_column av-5h728f-923c62ede6b4620a6b0d5272e3566355 av_two_third  avia-builder-el-17  el_after_av_one_third  avia-builder-el-last  adres adres no_margin flex_column_table_cell av-equal-height-column av-align-middle  column-top-margin'     ><form action=\"https:\/\/mycekagarden.com\/en\/contact\/\" method=\"post\" data-fields-with-error=\"Found errors in the following field(s):\" class=\"avia_ajax_form av-form-labels-hidden   avia-builder-el-18  avia-builder-el-no-sibling  av-custom-form-color av-light-form \" data-avia-form-id=\"1\" data-avia-redirect=''  aria-label='Kontakt Formu' ><h3 class=''>Contact Form<\/h3><fieldset><p class='  first_form  form_element form_fullwidth' id='element_avia_1_1'><label for=\"avia_1_1\">Name <abbr class=\"required\" title=\"required\">*<\/abbr><\/label> <input name=\"avia_1_1\" class=\"text_input is_empty\" type=\"text\" id=\"avia_1_1\" value=\"\"  placeholder='Name*'\/><\/p><p class='  first_form  form_element form_element_half' id='element_avia_2_1'><label for=\"avia_2_1\">E-Mail <abbr class=\"required\" title=\"required\">*<\/abbr><\/label> <input name=\"avia_2_1\" class=\"text_input is_empty\" type=\"text\" id=\"avia_2_1\" value=\"\"  placeholder='E-Mail*'\/><\/p><p class='  form_element form_element_half' id='element_avia_3_1'><label for=\"avia_3_1\">Phone <abbr class=\"required\" title=\"required\">*<\/abbr><\/label> <input name=\"avia_3_1\" class=\"text_input is_empty\" type=\"text\" id=\"avia_3_1\" value=\"\"  placeholder='Phone*'\/><\/p><p class='  first_form  form_element form_element_half' id='element_avia_4_1'><label for=\"avia_4_1\">Subject <abbr class=\"required\" title=\"required\">*<\/abbr><\/label> <input name=\"avia_4_1\" class=\"text_input is_empty\" type=\"text\" id=\"avia_4_1\" value=\"\"  placeholder='Subject*'\/><\/p><p class='  form_element form_element_half av-last-visible-form-element' id='element_avia_5_1'><label for=\"avia_5_1\">Message <abbr class=\"required\" title=\"required\">*<\/abbr><\/label> <input name=\"avia_5_1\" class=\"text_input is_empty\" type=\"text\" id=\"avia_5_1\" value=\"\"  placeholder='Message*'\/><\/p><p class=\"hidden\"><input type=\"text\" name=\"avia_6_1\" class=\"hidden \" id=\"avia_6_1\" value=\"\" \/><\/p><p class=\"form_element \"><input type=\"hidden\" value=\"1\" name=\"avia_generated_form1\" \/><input type=\"submit\" value=\"Send\" class=\"button\"  data-sending-label=\"Sending\"\/><\/p><\/fieldset><\/form><div id=\"ajaxresponse_1\" class=\"ajaxresponse ajaxresponse_1 hidden\"><\/div><\/div><\/div><!--close column table wrapper. Autoclose: 1 -->\n","protected":false},"excerpt":{"rendered":"","protected":false},"author":1,"featured_media":0,"parent":0,"menu_order":0,"comment_status":"closed","ping_status":"closed","template":"","meta":{"footnotes":""},"class_list":["post-3839","page","type-page","status-publish","hentry"],"yoast_head":"<!-- This site is optimized with the Yoast SEO plugin v24.0 - https:\/\/yoast.com\/wordpress\/plugins\/seo\/ -->\n<title>Contact - My Ceka Garden<\/title>\n<meta name=\"robots\" content=\"index, follow, max-snippet:-1, max-image-preview:large, max-video-preview:-1\" \/>\n<link rel=\"canonical\" href=\"https:\/\/mycekagarden.com\/en\/contact\/\" \/>\n<meta property=\"og:locale\" content=\"en_US\" \/>\n<meta property=\"og:type\" content=\"article\" \/>\n<meta property=\"og:title\" content=\"Contact - My Ceka Garden\" \/>\n<meta property=\"og:url\" content=\"https:\/\/mycekagarden.com\/en\/contact\/\" \/>\n<meta property=\"og:site_name\" content=\"My Ceka Garden\" \/>\n<meta property=\"article:publisher\" content=\"https:\/\/www.facebook.com\/mycekagarden\/\" \/>\n<meta property=\"article:modified_time\" content=\"2025-12-26T06:26:27+00:00\" \/>\n<meta name=\"twitter:card\" content=\"summary_large_image\" \/>\n<meta name=\"twitter:label1\" content=\"Est. reading time\" \/>\n\t<meta name=\"twitter:data1\" content=\"1 minute\" \/>\n<script type=\"application\/ld+json\" class=\"yoast-schema-graph\">{\"@context\":\"https:\/\/schema.org\",\"@graph\":[{\"@type\":\"WebPage\",\"@id\":\"https:\/\/mycekagarden.com\/en\/contact\/\",\"url\":\"https:\/\/mycekagarden.com\/en\/contact\/\",\"name\":\"Contact - My Ceka Garden\",\"isPartOf\":{\"@id\":\"https:\/\/mycekagarden.com\/#website\"},\"datePublished\":\"2024-11-28T06:01:31+00:00\",\"dateModified\":\"2025-12-26T06:26:27+00:00\",\"breadcrumb\":{\"@id\":\"https:\/\/mycekagarden.com\/en\/contact\/#breadcrumb\"},\"inLanguage\":\"en-US\",\"potentialAction\":[{\"@type\":\"ReadAction\",\"target\":[\"https:\/\/mycekagarden.com\/en\/contact\/\"]}]},{\"@type\":\"BreadcrumbList\",\"@id\":\"https:\/\/mycekagarden.com\/en\/contact\/#breadcrumb\",\"itemListElement\":[{\"@type\":\"ListItem\",\"position\":1,\"name\":\"Anasayfa\",\"item\":\"https:\/\/mycekagarden.com\/en\/myceka-garden\/\"},{\"@type\":\"ListItem\",\"position\":2,\"name\":\"Contact\"}]},{\"@type\":\"WebSite\",\"@id\":\"https:\/\/mycekagarden.com\/#website\",\"url\":\"https:\/\/mycekagarden.com\/\",\"name\":\"My Ceka Garden\",\"description\":\"\",\"potentialAction\":[{\"@type\":\"SearchAction\",\"target\":{\"@type\":\"EntryPoint\",\"urlTemplate\":\"https:\/\/mycekagarden.com\/?s={search_term_string}\"},\"query-input\":{\"@type\":\"PropertyValueSpecification\",\"valueRequired\":true,\"valueName\":\"search_term_string\"}}],\"inLanguage\":\"en-US\"}]}<\/script>\n<!-- \/ Yoast SEO plugin. -->","yoast_head_json":{"title":"Contact - My Ceka Garden","robots":{"index":"index","follow":"follow","max-snippet":"max-snippet:-1","max-image-preview":"max-image-preview:large","max-video-preview":"max-video-preview:-1"},"canonical":"https:\/\/mycekagarden.com\/en\/contact\/","og_locale":"en_US","og_type":"article","og_title":"Contact - My Ceka Garden","og_url":"https:\/\/mycekagarden.com\/en\/contact\/","og_site_name":"My Ceka Garden","article_publisher":"https:\/\/www.facebook.com\/mycekagarden\/","article_modified_time":"2025-12-26T06:26:27+00:00","twitter_card":"summary_large_image","twitter_misc":{"Est. reading time":"1 minute"},"schema":{"@context":"https:\/\/schema.org","@graph":[{"@type":"WebPage","@id":"https:\/\/mycekagarden.com\/en\/contact\/","url":"https:\/\/mycekagarden.com\/en\/contact\/","name":"Contact - My Ceka Garden","isPartOf":{"@id":"https:\/\/mycekagarden.com\/#website"},"datePublished":"2024-11-28T06:01:31+00:00","dateModified":"2025-12-26T06:26:27+00:00","breadcrumb":{"@id":"https:\/\/mycekagarden.com\/en\/contact\/#breadcrumb"},"inLanguage":"en-US","potentialAction":[{"@type":"ReadAction","target":["https:\/\/mycekagarden.com\/en\/contact\/"]}]},{"@type":"BreadcrumbList","@id":"https:\/\/mycekagarden.com\/en\/contact\/#breadcrumb","itemListElement":[{"@type":"ListItem","position":1,"name":"Anasayfa","item":"https:\/\/mycekagarden.com\/en\/myceka-garden\/"},{"@type":"ListItem","position":2,"name":"Contact"}]},{"@type":"WebSite","@id":"https:\/\/mycekagarden.com\/#website","url":"https:\/\/mycekagarden.com\/","name":"My Ceka Garden","description":"","potentialAction":[{"@type":"SearchAction","target":{"@type":"EntryPoint","urlTemplate":"https:\/\/mycekagarden.com\/?s={search_term_string}"},"query-input":{"@type":"PropertyValueSpecification","valueRequired":true,"valueName":"search_term_string"}}],"inLanguage":"en-US"}]}},"_links":{"self":[{"href":"https:\/\/mycekagarden.com\/en\/wp-json\/wp\/v2\/pages\/3839","targetHints":{"allow":["GET"]}}],"collection":[{"href":"https:\/\/mycekagarden.com\/en\/wp-json\/wp\/v2\/pages"}],"about":[{"href":"https:\/\/mycekagarden.com\/en\/wp-json\/wp\/v2\/types\/page"}],"author":[{"embeddable":true,"href":"https:\/\/mycekagarden.com\/en\/wp-json\/wp\/v2\/users\/1"}],"replies":[{"embeddable":true,"href":"https:\/\/mycekagarden.com\/en\/wp-json\/wp\/v2\/comments?post=3839"}],"version-history":[{"count":4,"href":"https:\/\/mycekagarden.com\/en\/wp-json\/wp\/v2\/pages\/3839\/revisions"}],"predecessor-version":[{"id":7143,"href":"https:\/\/mycekagarden.com\/en\/wp-json\/wp\/v2\/pages\/3839\/revisions\/7143"}],"wp:attachment":[{"href":"https:\/\/mycekagarden.com\/en\/wp-json\/wp\/v2\/media?parent=3839"}],"curies":[{"name":"wp","href":"https:\/\/api.w.org\/{rel}","templated":true}]}}